{"id":11,"date":"2026-03-26T11:45:09","date_gmt":"2026-03-26T11:45:09","guid":{"rendered":"https:\/\/entornoverde.rkinformatika.online\/?page_id=11"},"modified":"2026-04-14T07:50:19","modified_gmt":"2026-04-14T07:50:19","slug":"inicio","status":"publish","type":"page","link":"https:\/\/entornoverde.es\/en\/","title":{"rendered":"Home"},"content":{"rendered":"<div data-elementor-type=\"wp-page\" data-elementor-id=\"11\" class=\"elementor elementor-11\" data-elementor-post-type=\"page\">\n\t\t\t\t<div class=\"elementor-element elementor-element-1b3bb00 e-flex e-con-boxed e-con e-parent\" data-id=\"1b3bb00\" data-element_type=\"container\" data-e-type=\"container\" data-settings=\"{&quot;background_background&quot;:&quot;classic&quot;}\">\n\t\t\t\t\t<div class=\"e-con-inner\">\n\t\t\t\t<div class=\"elementor-element elementor-element-2dbe11d elementor-invisible elementor-widget elementor-widget-heading\" data-id=\"2dbe11d\" data-element_type=\"widget\" data-e-type=\"widget\" data-settings=\"{&quot;_animation&quot;:&quot;fadeInDown&quot;}\" data-widget_type=\"heading.default\">\n\t\t\t\t\t<h2 class=\"elementor-heading-title elementor-size-default\">Green Environment <\/h2>\t\t\t\t<\/div>\n\t\t\t\t<div class=\"elementor-element elementor-element-7812f4c elementor-widget elementor-widget-text-editor\" data-id=\"7812f4c\" data-element_type=\"widget\" data-e-type=\"widget\" data-widget_type=\"text-editor.default\">\n\t\t\t\t\t\t\t\t\t<p>We take care of your green spaces with experience, passion and commitment to the environment<\/p>\t\t\t\t\t\t\t\t<\/div>\n\t\t\t\t\t<\/div>\n\t\t\t\t<\/div>\n\t\t<div class=\"elementor-element elementor-element-bab05b8 e-flex e-con-boxed e-con e-parent\" data-id=\"bab05b8\" data-element_type=\"container\" data-e-type=\"container\">\n\t\t\t\t\t<div class=\"e-con-inner\">\n\t\t<div class=\"elementor-element elementor-element-bb8111c e-con-full e-flex e-con e-child\" data-id=\"bb8111c\" data-element_type=\"container\" data-e-type=\"container\">\n\t\t\t\t<div class=\"elementor-element elementor-element-0011800 elementor-widget elementor-widget-heading\" data-id=\"0011800\" data-element_type=\"widget\" data-e-type=\"widget\" data-widget_type=\"heading.default\">\n\t\t\t\t\t<h2 class=\"elementor-heading-title elementor-size-default\">Who We Are and What We Do<\/h2>\t\t\t\t<\/div>\n\t\t\t\t<div class=\"elementor-element elementor-element-47e6fbf elementor-widget elementor-widget-text-editor\" data-id=\"47e6fbf\" data-element_type=\"widget\" data-e-type=\"widget\" data-widget_type=\"text-editor.default\">\n\t\t\t\t\t\t\t\t\t<p>At Grupo Entorno Verde, we have over 15 years of experience specializing in the design, creation, and maintenance of green areas and public spaces. We specialize in creating sustainable environments that respect the environment and improve the quality of life for communities and corporate spaces.<\/p>\t\t\t\t\t\t\t\t<\/div>\n\t\t\t\t<\/div>\n\t\t<div class=\"elementor-element elementor-element-fbb2e75 e-con-full e-flex e-con e-child\" data-id=\"fbb2e75\" data-element_type=\"container\" data-e-type=\"container\">\n\t\t\t\t<div class=\"elementor-element elementor-element-728a448 elementor-widget elementor-widget-image\" data-id=\"728a448\" data-element_type=\"widget\" data-e-type=\"widget\" data-widget_type=\"image.default\">\n\t\t\t\t\t\t\t\t\t\t\t\t\t\t\t<img fetchpriority=\"high\" decoding=\"async\" width=\"800\" height=\"600\" src=\"https:\/\/entornoverde.es\/wp-content\/uploads\/2026\/03\/anexo-5-Pedro-Cifuentes-1024x768.jpg\" class=\"attachment-large size-large wp-image-192\" alt=\"\" srcset=\"https:\/\/entornoverde.es\/wp-content\/uploads\/2026\/03\/anexo-5-Pedro-Cifuentes-1024x768.jpg 1024w, https:\/\/entornoverde.es\/wp-content\/uploads\/2026\/03\/anexo-5-Pedro-Cifuentes-300x225.jpg 300w, https:\/\/entornoverde.es\/wp-content\/uploads\/2026\/03\/anexo-5-Pedro-Cifuentes-768x576.jpg 768w, https:\/\/entornoverde.es\/wp-content\/uploads\/2026\/03\/anexo-5-Pedro-Cifuentes-1536x1152.jpg 1536w, https:\/\/entornoverde.es\/wp-content\/uploads\/2026\/03\/anexo-5-Pedro-Cifuentes-2048x1536.jpg 2048w, https:\/\/entornoverde.es\/wp-content\/uploads\/2026\/03\/anexo-5-Pedro-Cifuentes-16x12.jpg 16w\" sizes=\"(max-width: 800px) 100vw, 800px\" \/>\t\t\t\t\t\t\t\t\t\t\t\t\t\t\t<\/div>\n\t\t\t\t<\/div>\n\t\t<div class=\"elementor-element elementor-element-561f6e3 e-con-full e-flex e-con e-child\" data-id=\"561f6e3\" data-element_type=\"container\" data-e-type=\"container\">\n\t\t\t\t<div class=\"elementor-element elementor-element-8cb7134 elementor-widget elementor-widget-image\" data-id=\"8cb7134\" data-element_type=\"widget\" data-e-type=\"widget\" data-widget_type=\"image.default\">\n\t\t\t\t\t\t\t\t\t\t\t\t\t\t\t<img decoding=\"async\" width=\"800\" height=\"534\" src=\"https:\/\/entornoverde.es\/wp-content\/uploads\/2026\/03\/jardineria-y-paisajismo-2-Pedro-Cifuentes-1024x683.jpg\" class=\"attachment-large size-large wp-image-190\" alt=\"\" srcset=\"https:\/\/entornoverde.es\/wp-content\/uploads\/2026\/03\/jardineria-y-paisajismo-2-Pedro-Cifuentes-1024x683.jpg 1024w, https:\/\/entornoverde.es\/wp-content\/uploads\/2026\/03\/jardineria-y-paisajismo-2-Pedro-Cifuentes-300x200.jpg 300w, https:\/\/entornoverde.es\/wp-content\/uploads\/2026\/03\/jardineria-y-paisajismo-2-Pedro-Cifuentes-768x512.jpg 768w, https:\/\/entornoverde.es\/wp-content\/uploads\/2026\/03\/jardineria-y-paisajismo-2-Pedro-Cifuentes-18x12.jpg 18w, https:\/\/entornoverde.es\/wp-content\/uploads\/2026\/03\/jardineria-y-paisajismo-2-Pedro-Cifuentes.jpg 1200w\" sizes=\"(max-width: 800px) 100vw, 800px\" \/>\t\t\t\t\t\t\t\t\t\t\t\t\t\t\t<\/div>\n\t\t\t\t<\/div>\n\t\t<div class=\"elementor-element elementor-element-f500027 e-con-full e-flex e-con e-child\" data-id=\"f500027\" data-element_type=\"container\" data-e-type=\"container\">\n\t\t\t\t<div class=\"elementor-element elementor-element-d391ef1 elementor-widget elementor-widget-text-editor\" data-id=\"d391ef1\" data-element_type=\"widget\" data-e-type=\"widget\" data-widget_type=\"text-editor.default\">\n\t\t\t\t\t\t\t\t\t<p>Our company integrates Corporate Social Responsibility into every project, and we are currently undergoing ISO 14001 and EMAS certification processes, as well as being a signatory to the United Nations Global Compact. We offer specialized services such as tree pruning, landscaping, technical consulting, and phytosanitary treatments, always with a focus on innovation, safety, and respect for nature.<\/p>\t\t\t\t\t\t\t\t<\/div>\n\t\t\t\t<\/div>\n\t\t\t\t\t<\/div>\n\t\t\t\t<\/div>\n\t\t<div class=\"elementor-element elementor-element-49c6c7a e-flex e-con-boxed e-con e-parent\" data-id=\"49c6c7a\" data-element_type=\"container\" data-e-type=\"container\" data-settings=\"{&quot;background_background&quot;:&quot;classic&quot;}\">\n\t\t\t\t\t<div class=\"e-con-inner\">\n\t\t<div class=\"elementor-element elementor-element-a0f25da e-con-full e-flex e-con e-child\" data-id=\"a0f25da\" data-element_type=\"container\" data-e-type=\"container\">\n\t\t\t\t<div class=\"elementor-element elementor-element-22f13a6 elementor-widget elementor-widget-heading\" data-id=\"22f13a6\" data-element_type=\"widget\" data-e-type=\"widget\" data-widget_type=\"heading.default\">\n\t\t\t\t\t<h2 class=\"elementor-heading-title elementor-size-default\">Discover how we can transform and maintain your green spaces: learn about all our services here<\/h2>\t\t\t\t<\/div>\n\t\t\t\t<div class=\"elementor-element elementor-element-ddb0c77 elementor-widget elementor-widget-button\" data-id=\"ddb0c77\" data-element_type=\"widget\" data-e-type=\"widget\" data-widget_type=\"button.default\">\n\t\t\t\t\t\t\t\t\t\t<a class=\"elementor-button elementor-button-link elementor-size-sm\" href=\"\/en\/servicios\/\">\n\t\t\t\t\t\t<span class=\"elementor-button-content-wrapper\">\n\t\t\t\t\t\t\t\t\t<span class=\"elementor-button-text\">Services<\/span>\n\t\t\t\t\t<\/span>\n\t\t\t\t\t<\/a>\n\t\t\t\t\t\t\t\t<\/div>\n\t\t\t\t<\/div>\n\t\t\t\t\t<\/div>\n\t\t\t\t<\/div>\n\t\t\t\t<\/div>","protected":false},"excerpt":{"rendered":"<p>Entorno Verde Cuidamos tus espacios verdes con experiencia, pasi\u00f3n y compromiso con el medio ambiente Qui\u00e9nes Somos y Qu\u00e9 Hacemos En Grupo Entorno Verde contamos con m\u00e1s de 15 a\u00f1os de experiencia especializada en el dise\u00f1o, creaci\u00f3n y mantenimiento de \u00e1reas verdes y espacios p\u00fablicos. Nos especializamos en crear entornos sostenibles que respetan el medio [&hellip;]<\/p>\n","protected":false},"author":1,"featured_media":0,"parent":0,"menu_order":0,"comment_status":"closed","ping_status":"closed","template":"elementor_canvas","meta":{"footnotes":""},"class_list":["post-11","page","type-page","status-publish","hentry"],"yoast_head":"<!-- This site is optimized with the Yoast SEO plugin v27.4 - https:\/\/yoast.com\/product\/yoast-seo-wordpress\/ -->\n<title>Inicio - Entorno Verde S.L.<\/title>\n<meta name=\"robots\" content=\"index, follow, max-snippet:-1, max-image-preview:large, max-video-preview:-1\" \/>\n<link rel=\"canonical\" href=\"https:\/\/entornoverde.es\/en\/\" \/>\n<meta property=\"og:locale\" content=\"en_GB\" \/>\n<meta property=\"og:type\" content=\"article\" \/>\n<meta property=\"og:title\" content=\"Inicio - Entorno Verde S.L.\" \/>\n<meta property=\"og:description\" content=\"Entorno Verde Cuidamos tus espacios verdes con experiencia, pasi\u00f3n y compromiso con el medio ambiente Qui\u00e9nes Somos y Qu\u00e9 Hacemos En Grupo Entorno Verde contamos con m\u00e1s de 15 a\u00f1os de experiencia especializada en el dise\u00f1o, creaci\u00f3n y mantenimiento de \u00e1reas verdes y espacios p\u00fablicos. Nos especializamos en crear entornos sostenibles que respetan el medio [&hellip;]\" \/>\n<meta property=\"og:url\" content=\"https:\/\/entornoverde.es\/en\/\" \/>\n<meta property=\"og:site_name\" content=\"Entorno Verde S.L.\" \/>\n<meta property=\"article:modified_time\" content=\"2026-04-14T07:50:19+00:00\" \/>\n<meta property=\"og:image\" content=\"https:\/\/entornoverde.es\/wp-content\/uploads\/2026\/03\/anexo-5-Pedro-Cifuentes-1024x768.jpg\" \/>\n<meta name=\"twitter:card\" content=\"summary_large_image\" \/>\n<meta name=\"twitter:label1\" content=\"Estimated reading time\" \/>\n\t<meta name=\"twitter:data1\" content=\"1 minute\" \/>\n<script type=\"application\/ld+json\" class=\"yoast-schema-graph\">{\"@context\":\"https:\\\/\\\/schema.org\",\"@graph\":[{\"@type\":\"WebPage\",\"@id\":\"https:\\\/\\\/entornoverde.es\\\/\",\"url\":\"https:\\\/\\\/entornoverde.es\\\/\",\"name\":\"Inicio - Entorno Verde S.L.\",\"isPartOf\":{\"@id\":\"https:\\\/\\\/entornoverde.es\\\/#website\"},\"primaryImageOfPage\":{\"@id\":\"https:\\\/\\\/entornoverde.es\\\/#primaryimage\"},\"image\":{\"@id\":\"https:\\\/\\\/entornoverde.es\\\/#primaryimage\"},\"thumbnailUrl\":\"https:\\\/\\\/entornoverde.es\\\/wp-content\\\/uploads\\\/2026\\\/03\\\/anexo-5-Pedro-Cifuentes-1024x768.jpg\",\"datePublished\":\"2026-03-26T11:45:09+00:00\",\"dateModified\":\"2026-04-14T07:50:19+00:00\",\"breadcrumb\":{\"@id\":\"https:\\\/\\\/entornoverde.es\\\/#breadcrumb\"},\"inLanguage\":\"en-GB\",\"potentialAction\":[{\"@type\":\"ReadAction\",\"target\":[\"https:\\\/\\\/entornoverde.es\\\/\"]}]},{\"@type\":\"ImageObject\",\"inLanguage\":\"en-GB\",\"@id\":\"https:\\\/\\\/entornoverde.es\\\/#primaryimage\",\"url\":\"https:\\\/\\\/entornoverde.es\\\/wp-content\\\/uploads\\\/2026\\\/03\\\/anexo-5-Pedro-Cifuentes-1024x768.jpg\",\"contentUrl\":\"https:\\\/\\\/entornoverde.es\\\/wp-content\\\/uploads\\\/2026\\\/03\\\/anexo-5-Pedro-Cifuentes-1024x768.jpg\"},{\"@type\":\"BreadcrumbList\",\"@id\":\"https:\\\/\\\/entornoverde.es\\\/#breadcrumb\",\"itemListElement\":[{\"@type\":\"ListItem\",\"position\":1,\"name\":\"Portada\",\"item\":\"https:\\\/\\\/entornoverde.es\\\/\"},{\"@type\":\"ListItem\",\"position\":2,\"name\":\"Inicio\"}]},{\"@type\":\"WebSite\",\"@id\":\"https:\\\/\\\/entornoverde.es\\\/#website\",\"url\":\"https:\\\/\\\/entornoverde.es\\\/\",\"name\":\"Entorno Verde S.L.\",\"description\":\"\",\"publisher\":{\"@id\":\"https:\\\/\\\/entornoverde.es\\\/#organization\"},\"potentialAction\":[{\"@type\":\"SearchAction\",\"target\":{\"@type\":\"EntryPoint\",\"urlTemplate\":\"https:\\\/\\\/entornoverde.es\\\/?s={search_term_string}\"},\"query-input\":{\"@type\":\"PropertyValueSpecification\",\"valueRequired\":true,\"valueName\":\"search_term_string\"}}],\"inLanguage\":\"en-GB\"},{\"@type\":\"Organization\",\"@id\":\"https:\\\/\\\/entornoverde.es\\\/#organization\",\"name\":\"Entorno Verde S.L.\",\"url\":\"https:\\\/\\\/entornoverde.es\\\/\",\"logo\":{\"@type\":\"ImageObject\",\"inLanguage\":\"en-GB\",\"@id\":\"https:\\\/\\\/entornoverde.es\\\/#\\\/schema\\\/logo\\\/image\\\/\",\"url\":\"https:\\\/\\\/entornoverde.es\\\/wp-content\\\/uploads\\\/2026\\\/03\\\/entornoverde202602_logo_web.png\",\"contentUrl\":\"https:\\\/\\\/entornoverde.es\\\/wp-content\\\/uploads\\\/2026\\\/03\\\/entornoverde202602_logo_web.png\",\"width\":2250,\"height\":1248,\"caption\":\"Entorno Verde S.L.\"},\"image\":{\"@id\":\"https:\\\/\\\/entornoverde.es\\\/#\\\/schema\\\/logo\\\/image\\\/\"}}]}<\/script>\n<!-- \/ Yoast SEO plugin. -->","yoast_head_json":{"title":"Inicio - Entorno Verde S.L.","robots":{"index":"index","follow":"follow","max-snippet":"max-snippet:-1","max-image-preview":"max-image-preview:large","max-video-preview":"max-video-preview:-1"},"canonical":"https:\/\/entornoverde.es\/en\/","og_locale":"en_GB","og_type":"article","og_title":"Inicio - Entorno Verde S.L.","og_description":"Entorno Verde Cuidamos tus espacios verdes con experiencia, pasi\u00f3n y compromiso con el medio ambiente Qui\u00e9nes Somos y Qu\u00e9 Hacemos En Grupo Entorno Verde contamos con m\u00e1s de 15 a\u00f1os de experiencia especializada en el dise\u00f1o, creaci\u00f3n y mantenimiento de \u00e1reas verdes y espacios p\u00fablicos. Nos especializamos en crear entornos sostenibles que respetan el medio [&hellip;]","og_url":"https:\/\/entornoverde.es\/en\/","og_site_name":"Entorno Verde S.L.","article_modified_time":"2026-04-14T07:50:19+00:00","og_image":[{"url":"https:\/\/entornoverde.es\/wp-content\/uploads\/2026\/03\/anexo-5-Pedro-Cifuentes-1024x768.jpg","type":"","width":"","height":""}],"twitter_card":"summary_large_image","twitter_misc":{"Estimated reading time":"1 minute"},"schema":{"@context":"https:\/\/schema.org","@graph":[{"@type":"WebPage","@id":"https:\/\/entornoverde.es\/","url":"https:\/\/entornoverde.es\/","name":"Inicio - Entorno Verde S.L.","isPartOf":{"@id":"https:\/\/entornoverde.es\/#website"},"primaryImageOfPage":{"@id":"https:\/\/entornoverde.es\/#primaryimage"},"image":{"@id":"https:\/\/entornoverde.es\/#primaryimage"},"thumbnailUrl":"https:\/\/entornoverde.es\/wp-content\/uploads\/2026\/03\/anexo-5-Pedro-Cifuentes-1024x768.jpg","datePublished":"2026-03-26T11:45:09+00:00","dateModified":"2026-04-14T07:50:19+00:00","breadcrumb":{"@id":"https:\/\/entornoverde.es\/#breadcrumb"},"inLanguage":"en-GB","potentialAction":[{"@type":"ReadAction","target":["https:\/\/entornoverde.es\/"]}]},{"@type":"ImageObject","inLanguage":"en-GB","@id":"https:\/\/entornoverde.es\/#primaryimage","url":"https:\/\/entornoverde.es\/wp-content\/uploads\/2026\/03\/anexo-5-Pedro-Cifuentes-1024x768.jpg","contentUrl":"https:\/\/entornoverde.es\/wp-content\/uploads\/2026\/03\/anexo-5-Pedro-Cifuentes-1024x768.jpg"},{"@type":"BreadcrumbList","@id":"https:\/\/entornoverde.es\/#breadcrumb","itemListElement":[{"@type":"ListItem","position":1,"name":"Portada","item":"https:\/\/entornoverde.es\/"},{"@type":"ListItem","position":2,"name":"Inicio"}]},{"@type":"WebSite","@id":"https:\/\/entornoverde.es\/#website","url":"https:\/\/entornoverde.es\/","name":"Entorno Verde S.L.","description":"","publisher":{"@id":"https:\/\/entornoverde.es\/#organization"},"potentialAction":[{"@type":"SearchAction","target":{"@type":"EntryPoint","urlTemplate":"https:\/\/entornoverde.es\/?s={search_term_string}"},"query-input":{"@type":"PropertyValueSpecification","valueRequired":true,"valueName":"search_term_string"}}],"inLanguage":"en-GB"},{"@type":"Organization","@id":"https:\/\/entornoverde.es\/#organization","name":"Entorno Verde S.L.","url":"https:\/\/entornoverde.es\/","logo":{"@type":"ImageObject","inLanguage":"en-GB","@id":"https:\/\/entornoverde.es\/#\/schema\/logo\/image\/","url":"https:\/\/entornoverde.es\/wp-content\/uploads\/2026\/03\/entornoverde202602_logo_web.png","contentUrl":"https:\/\/entornoverde.es\/wp-content\/uploads\/2026\/03\/entornoverde202602_logo_web.png","width":2250,"height":1248,"caption":"Entorno Verde S.L."},"image":{"@id":"https:\/\/entornoverde.es\/#\/schema\/logo\/image\/"}}]}},"_links":{"self":[{"href":"https:\/\/entornoverde.es\/en\/wp-json\/wp\/v2\/pages\/11","targetHints":{"allow":["GET"]}}],"collection":[{"href":"https:\/\/entornoverde.es\/en\/wp-json\/wp\/v2\/pages"}],"about":[{"href":"https:\/\/entornoverde.es\/en\/wp-json\/wp\/v2\/types\/page"}],"author":[{"embeddable":true,"href":"https:\/\/entornoverde.es\/en\/wp-json\/wp\/v2\/users\/1"}],"replies":[{"embeddable":true,"href":"https:\/\/entornoverde.es\/en\/wp-json\/wp\/v2\/comments?post=11"}],"version-history":[{"count":79,"href":"https:\/\/entornoverde.es\/en\/wp-json\/wp\/v2\/pages\/11\/revisions"}],"predecessor-version":[{"id":538,"href":"https:\/\/entornoverde.es\/en\/wp-json\/wp\/v2\/pages\/11\/revisions\/538"}],"wp:attachment":[{"href":"https:\/\/entornoverde.es\/en\/wp-json\/wp\/v2\/media?parent=11"}],"curies":[{"name":"wp","href":"https:\/\/api.w.org\/{rel}","templated":true}]}}